{"id":538,"date":"2020-11-25T17:05:33","date_gmt":"2020-11-25T16:05:33","guid":{"rendered":"http:\/\/delaporte-teinturerie.fr\/?page_id=538"},"modified":"2020-12-15T15:28:44","modified_gmt":"2020-12-15T14:28:44","slug":"certifications","status":"publish","type":"page","link":"https:\/\/delaporte-teinturerie.fr\/index.php\/certifications\/","title":{"rendered":"Certifications"},"content":{"rendered":"\t\t<div data-elementor-type=\"wp-page\" data-elementor-id=\"538\" class=\"elementor elementor-538\" data-elementor-settings=\"[]\">\n\t\t\t\t\t\t<div class=\"elementor-inner\">\n\t\t\t\t\t\t\t<div class=\"elementor-section-wrap\">\n\t\t\t\t\t\t\t<section class=\"elementor-section elementor-top-section elementor-element elementor-element-2e3a5f54 elementor-section-boxed elementor-section-height-default elementor-section-height-default\" data-id=\"2e3a5f54\" data-element_type=\"section\" data-settings=\"{&quot;background_background&quot;:&quot;classic&quot;}\">\n\t\t\t\t\t\t<div class=\"elementor-container elementor-column-gap-default\">\n\t\t\t\t\t\t\t<div class=\"elementor-row\">\n\t\t\t\t\t<div class=\"elementor-column elementor-col-100 elementor-top-column elementor-element elementor-element-6d42180a\" data-id=\"6d42180a\" data-element_type=\"column\">\n\t\t\t<div class=\"elementor-column-wrap elementor-element-populated\">\n\t\t\t\t\t\t\t<div class=\"elementor-widget-wrap\">\n\t\t\t\t\t\t<div class=\"elementor-element elementor-element-707001bc elementor-nav-menu__align-center elementor-nav-menu--indicator-classic elementor-nav-menu--dropdown-tablet elementor-nav-menu__text-align-aside elementor-nav-menu--toggle elementor-nav-menu--burger elementor-widget elementor-widget-nav-menu\" data-id=\"707001bc\" data-element_type=\"widget\" id=\"nosprestations\" data-settings=\"{&quot;layout&quot;:&quot;horizontal&quot;,&quot;toggle&quot;:&quot;burger&quot;}\" data-widget_type=\"nav-menu.default\">\n\t\t\t\t<div class=\"elementor-widget-container\">\n\t\t\t\t\t\t<nav role=\"navigation\" class=\"elementor-nav-menu--main elementor-nav-menu__container elementor-nav-menu--layout-horizontal e--pointer-underline e--animation-fade\"><ul id=\"menu-1-707001bc\" class=\"elementor-nav-menu\"><li class=\"menu-item menu-item-type-post_type menu-item-object-page menu-item-home menu-item-240\"><a href=\"https:\/\/delaporte-teinturerie.fr\/\" class=\"elementor-item\">Accueil<\/a><\/li>\n<li class=\"menu-item menu-item-type-post_type menu-item-object-page menu-item-524\"><a href=\"https:\/\/delaporte-teinturerie.fr\/index.php\/nos-prestations\/\" class=\"elementor-item\">Nos prestations<\/a><\/li>\n<li class=\"menu-item menu-item-type-post_type menu-item-object-page menu-item-533\"><a href=\"https:\/\/delaporte-teinturerie.fr\/index.php\/nos-savoir-faire\/\" class=\"elementor-item\">Nos savoir-faire<\/a><\/li>\n<li class=\"menu-item menu-item-type-post_type menu-item-object-page menu-item-547\"><a href=\"https:\/\/delaporte-teinturerie.fr\/index.php\/certifications\/\" class=\"elementor-item\">Certifications<\/a><\/li>\n<li class=\"menu-item menu-item-type-post_type menu-item-object-page menu-item-559\"><a href=\"https:\/\/delaporte-teinturerie.fr\/index.php\/ils-nous-font-confiance\/\" class=\"elementor-item\">Ils nous font confiance<\/a><\/li>\n<li class=\"menu-item menu-item-type-post_type menu-item-object-page menu-item-565\"><a href=\"https:\/\/delaporte-teinturerie.fr\/index.php\/contact\/\" class=\"elementor-item\">Contact<\/a><\/li>\n<\/ul><\/nav>\n\t\t\t\t\t<div class=\"elementor-menu-toggle\" role=\"button\" tabindex=\"0\" aria-label=\"Menu Toggle\" aria-expanded=\"false\">\n\t\t\t<i class=\"eicon-menu-bar\" aria-hidden=\"true\"><\/i>\n\t\t\t<span class=\"elementor-screen-only\">Menu<\/span>\n\t\t<\/div>\n\t\t\t<nav class=\"elementor-nav-menu--dropdown elementor-nav-menu__container\" role=\"navigation\" aria-hidden=\"true\"><ul id=\"menu-2-707001bc\" class=\"elementor-nav-menu\"><li class=\"menu-item menu-item-type-post_type menu-item-object-page menu-item-home menu-item-240\"><a href=\"https:\/\/delaporte-teinturerie.fr\/\" class=\"elementor-item\">Accueil<\/a><\/li>\n<li class=\"menu-item menu-item-type-post_type menu-item-object-page menu-item-524\"><a href=\"https:\/\/delaporte-teinturerie.fr\/index.php\/nos-prestations\/\" class=\"elementor-item\">Nos prestations<\/a><\/li>\n<li class=\"menu-item menu-item-type-post_type menu-item-object-page menu-item-533\"><a href=\"https:\/\/delaporte-teinturerie.fr\/index.php\/nos-savoir-faire\/\" class=\"elementor-item\">Nos savoir-faire<\/a><\/li>\n<li class=\"menu-item menu-item-type-post_type menu-item-object-page menu-item-547\"><a href=\"https:\/\/delaporte-teinturerie.fr\/index.php\/certifications\/\" class=\"elementor-item\">Certifications<\/a><\/li>\n<li class=\"menu-item menu-item-type-post_type menu-item-object-page menu-item-559\"><a href=\"https:\/\/delaporte-teinturerie.fr\/index.php\/ils-nous-font-confiance\/\" class=\"elementor-item\">Ils nous font confiance<\/a><\/li>\n<li class=\"menu-item menu-item-type-post_type menu-item-object-page menu-item-565\"><a href=\"https:\/\/delaporte-teinturerie.fr\/index.php\/contact\/\" class=\"elementor-item\">Contact<\/a><\/li>\n<\/ul><\/nav>\n\t\t\t\t<\/div>\n\t\t\t\t<\/div>\n\t\t\t\t\t\t<\/div>\n\t\t\t\t\t<\/div>\n\t\t<\/div>\n\t\t\t\t\t\t\t\t<\/div>\n\t\t\t\t\t<\/div>\n\t\t<\/section>\n\t\t\t\t<section class=\"elementor-section elementor-top-section elementor-element elementor-element-db73e97 elementor-section-boxed elementor-section-height-default elementor-section-height-default\" data-id=\"db73e97\" data-element_type=\"section\">\n\t\t\t\t\t\t<div class=\"elementor-container elementor-column-gap-default\">\n\t\t\t\t\t\t\t<div class=\"elementor-row\">\n\t\t\t\t\t<div class=\"elementor-column elementor-col-100 elementor-top-column elementor-element elementor-element-8f77f6d\" data-id=\"8f77f6d\" data-element_type=\"column\">\n\t\t\t<div class=\"elementor-column-wrap elementor-element-populated\">\n\t\t\t\t\t\t\t<div class=\"elementor-widget-wrap\">\n\t\t\t\t\t\t<div class=\"elementor-element elementor-element-6e90a37 elementor-widget elementor-widget-spacer\" data-id=\"6e90a37\" data-element_type=\"widget\" data-widget_type=\"spacer.default\">\n\t\t\t\t<div class=\"elementor-widget-container\">\n\t\t\t\t\t<div class=\"elementor-spacer\">\n\t\t\t<div class=\"elementor-spacer-inner\"><\/div>\n\t\t<\/div>\n\t\t\t\t<\/div>\n\t\t\t\t<\/div>\n\t\t\t\t\t\t<\/div>\n\t\t\t\t\t<\/div>\n\t\t<\/div>\n\t\t\t\t\t\t\t\t<\/div>\n\t\t\t\t\t<\/div>\n\t\t<\/section>\n\t\t\t\t<section class=\"elementor-section elementor-top-section elementor-element elementor-element-3abda60 elementor-section-boxed elementor-section-height-default elementor-section-height-default\" data-id=\"3abda60\" data-element_type=\"section\">\n\t\t\t\t\t\t<div class=\"elementor-container elementor-column-gap-default\">\n\t\t\t\t\t\t\t<div class=\"elementor-row\">\n\t\t\t\t\t<div class=\"elementor-column elementor-col-100 elementor-top-column elementor-element elementor-element-4656436\" data-id=\"4656436\" data-element_type=\"column\">\n\t\t\t<div class=\"elementor-column-wrap elementor-element-populated\">\n\t\t\t\t\t\t\t<div class=\"elementor-widget-wrap\">\n\t\t\t\t\t\t<div class=\"elementor-element elementor-element-b65c5d2 elementor-widget elementor-widget-heading\" data-id=\"b65c5d2\" data-element_type=\"widget\" data-widget_type=\"heading.default\">\n\t\t\t\t<div class=\"elementor-widget-container\">\n\t\t\t<h2 class=\"elementor-heading-title elementor-size-default\">Certifications <\/h2>\t\t<\/div>\n\t\t\t\t<\/div>\n\t\t\t\t\t\t<\/div>\n\t\t\t\t\t<\/div>\n\t\t<\/div>\n\t\t\t\t\t\t\t\t<\/div>\n\t\t\t\t\t<\/div>\n\t\t<\/section>\n\t\t\t\t<section class=\"elementor-section elementor-top-section elementor-element elementor-element-7952215 elementor-section-boxed elementor-section-height-default elementor-section-height-default\" data-id=\"7952215\" data-element_type=\"section\">\n\t\t\t\t\t\t<div class=\"elementor-container elementor-column-gap-default\">\n\t\t\t\t\t\t\t<div class=\"elementor-row\">\n\t\t\t\t\t<div class=\"elementor-column elementor-col-100 elementor-top-column elementor-element elementor-element-98d5522\" data-id=\"98d5522\" data-element_type=\"column\">\n\t\t\t<div class=\"elementor-column-wrap elementor-element-populated\">\n\t\t\t\t\t\t\t<div class=\"elementor-widget-wrap\">\n\t\t\t\t\t\t<div class=\"elementor-element elementor-element-6501249 elementor-widget elementor-widget-image\" data-id=\"6501249\" data-element_type=\"widget\" data-widget_type=\"image.default\">\n\t\t\t\t<div class=\"elementor-widget-container\">\n\t\t\t\t\t<div class=\"elementor-image\">\n\t\t\t\t\t\t\t\t\t\t<img width=\"945\" height=\"945\" src=\"https:\/\/delaporte-teinturerie.fr\/wp-content\/uploads\/2020\/12\/ECO.png\" class=\"attachment-full size-full\" alt=\"\" loading=\"lazy\" srcset=\"https:\/\/delaporte-teinturerie.fr\/wp-content\/uploads\/2020\/12\/ECO.png 945w, https:\/\/delaporte-teinturerie.fr\/wp-content\/uploads\/2020\/12\/ECO-300x300.png 300w, https:\/\/delaporte-teinturerie.fr\/wp-content\/uploads\/2020\/12\/ECO-150x150.png 150w, https:\/\/delaporte-teinturerie.fr\/wp-content\/uploads\/2020\/12\/ECO-768x768.png 768w\" sizes=\"(max-width: 945px) 100vw, 945px\" \/>\t\t\t\t\t\t\t\t\t\t\t<\/div>\n\t\t\t\t<\/div>\n\t\t\t\t<\/div>\n\t\t\t\t\t\t<\/div>\n\t\t\t\t\t<\/div>\n\t\t<\/div>\n\t\t\t\t\t\t\t\t<\/div>\n\t\t\t\t\t<\/div>\n\t\t<\/section>\n\t\t\t\t<section class=\"elementor-section elementor-top-section elementor-element elementor-element-2a2e9be elementor-section-boxed elementor-section-height-default elementor-section-height-default\" data-id=\"2a2e9be\" data-element_type=\"section\">\n\t\t\t\t\t\t<div class=\"elementor-container elementor-column-gap-default\">\n\t\t\t\t\t\t\t<div class=\"elementor-row\">\n\t\t\t\t\t<div class=\"elementor-column elementor-col-100 elementor-top-column elementor-element elementor-element-0b016fe\" data-id=\"0b016fe\" data-element_type=\"column\">\n\t\t\t<div class=\"elementor-column-wrap elementor-element-populated\">\n\t\t\t\t\t\t\t<div class=\"elementor-widget-wrap\">\n\t\t\t\t\t\t<div class=\"elementor-element elementor-element-f3313d7 elementor-widget elementor-widget-text-editor\" data-id=\"f3313d7\" data-element_type=\"widget\" data-widget_type=\"text-editor.default\">\n\t\t\t\t<div class=\"elementor-widget-container\">\n\t\t\t\t\t<div class=\"elementor-text-editor elementor-clearfix\"><p><strong>Nous avons d\u00e9velopp\u00e9 un proc\u00e9d\u00e9 de nettoyage \u00e9co-responsable qui va du choix des lessives au traitement des d\u00e9chets. Les lessives utilis\u00e9es par nos machines sont fournies par les grandes marques ECOLAB\u00ae et SEITZ\u00ae qui sont certifi\u00e9es biod\u00e9gradables. Nous disposons de toutes les certifications et autorisations n\u00e9cessaires \u00e0 notre activit\u00e9, et avons obtenu l\u2019agr\u00e9ment de la Pr\u00e9fecture et de la Mairie de Paris. Notre Installation class\u00e9e pour la protection de l\u2019environnement implique un syst\u00e8me pointu de contr\u00f4le des rejets. Tous nos d\u00e9chets sont collect\u00e9s dans des conteneurs certifi\u00e9s et \u00e9limin\u00e9s par un organisme sp\u00e9cialis\u00e9 (avec un bordereau de suivi). Nos emballages sont tri\u00e9s et trait\u00e9s pour le respect de l\u2019environnement.<\/strong><\/p><\/div>\n\t\t\t\t<\/div>\n\t\t\t\t<\/div>\n\t\t\t\t\t\t<\/div>\n\t\t\t\t\t<\/div>\n\t\t<\/div>\n\t\t\t\t\t\t\t\t<\/div>\n\t\t\t\t\t<\/div>\n\t\t<\/section>\n\t\t\t\t<section class=\"elementor-section elementor-top-section elementor-element elementor-element-f53f8cd elementor-section-boxed elementor-section-height-default elementor-section-height-default\" data-id=\"f53f8cd\" data-element_type=\"section\">\n\t\t\t\t\t\t<div class=\"elementor-container elementor-column-gap-default\">\n\t\t\t\t\t\t\t<div class=\"elementor-row\">\n\t\t\t\t\t<div class=\"elementor-column elementor-col-100 elementor-top-column elementor-element elementor-element-bfa7383\" data-id=\"bfa7383\" data-element_type=\"column\">\n\t\t\t<div class=\"elementor-column-wrap elementor-element-populated\">\n\t\t\t\t\t\t\t<div class=\"elementor-widget-wrap\">\n\t\t\t\t\t\t<div class=\"elementor-element elementor-element-16bc511 elementor-widget elementor-widget-spacer\" data-id=\"16bc511\" data-element_type=\"widget\" data-widget_type=\"spacer.default\">\n\t\t\t\t<div class=\"elementor-widget-container\">\n\t\t\t\t\t<div class=\"elementor-spacer\">\n\t\t\t<div class=\"elementor-spacer-inner\"><\/div>\n\t\t<\/div>\n\t\t\t\t<\/div>\n\t\t\t\t<\/div>\n\t\t\t\t\t\t<\/div>\n\t\t\t\t\t<\/div>\n\t\t<\/div>\n\t\t\t\t\t\t\t\t<\/div>\n\t\t\t\t\t<\/div>\n\t\t<\/section>\n\t\t\t\t\t\t<\/div>\n\t\t\t\t\t\t<\/div>\n\t\t\t\t\t<\/div>\n\t\t","protected":false},"excerpt":{"rendered":"<p>Certifications Nous avons d\u00e9velopp\u00e9 un proc\u00e9d\u00e9 de nettoyage \u00e9co-responsable qui va du choix des lessives au traitement des d\u00e9chets. Les lessives utilis\u00e9es par nos machines sont fournies par les grandes marques ECOLAB\u00ae et SEITZ\u00ae qui sont certifi\u00e9es biod\u00e9gradables. Nous disposons de toutes les certifications et autorisations n\u00e9cessaires \u00e0 notre activit\u00e9, et avons obtenu l\u2019agr\u00e9ment de &#8230; <a title=\"Certifications\" class=\"read-more\" href=\"https:\/\/delaporte-teinturerie.fr\/index.php\/certifications\/\">Lire la suite <span class=\"screen-reader-text\">Certifications<\/span><\/a><\/p>\n","protected":false},"author":1,"featured_media":0,"parent":0,"menu_order":0,"comment_status":"closed","ping_status":"closed","template":"elementor_canvas","meta":[],"yoast_head":"<!-- This site is optimized with the Yoast SEO plugin v15.3 - https:\/\/yoast.com\/wordpress\/plugins\/seo\/ -->\n<title>Des \u00e9quipements sophistiqu\u00e9s dans le plus grand respect des normes en vigueur<\/title>\n<meta name=\"description\" content=\"Des proc\u00e9d\u00e9s de nettoyage \u00e9co responsable avec des lessives certifi\u00e9es bio-d\u00e9gradables, des certifications et autorisations de nos installations class\u00e9es pour la protection de l&#039;environnement\" \/>\n<meta name=\"robots\" content=\"index, follow, max-snippet:-1, max-image-preview:large, max-video-preview:-1\" \/>\n<link rel=\"canonical\" href=\"https:\/\/delaporte-teinturerie.fr\/index.php\/certifications\/\" \/>\n<meta property=\"og:locale\" content=\"fr_FR\" \/>\n<meta property=\"og:type\" content=\"article\" \/>\n<meta property=\"og:title\" content=\"Des \u00e9quipements sophistiqu\u00e9s dans le plus grand respect des normes en vigueur\" \/>\n<meta property=\"og:description\" content=\"Des proc\u00e9d\u00e9s de nettoyage \u00e9co responsable avec des lessives certifi\u00e9es bio-d\u00e9gradables, des certifications et autorisations de nos installations class\u00e9es pour la protection de l&#039;environnement\" \/>\n<meta property=\"og:url\" content=\"https:\/\/delaporte-teinturerie.fr\/index.php\/certifications\/\" \/>\n<meta property=\"og:site_name\" content=\"WordPress\" \/>\n<meta property=\"article:modified_time\" content=\"2020-12-15T14:28:44+00:00\" \/>\n<meta property=\"og:image\" content=\"http:\/\/delaporte-teinturerie.fr\/wp-content\/uploads\/2020\/12\/ECO.png\" \/>\n<meta name=\"twitter:card\" content=\"summary_large_image\" \/>\n<meta name=\"twitter:label1\" content=\"\u00c9crit par\">\n\t<meta name=\"twitter:data1\" content=\"tednacip\">\n\t<meta name=\"twitter:label2\" content=\"Dur\u00e9e de lecture est.\">\n\t<meta name=\"twitter:data2\" content=\"1 minute\">\n<script type=\"application\/ld+json\" class=\"yoast-schema-graph\">{\"@context\":\"https:\/\/schema.org\",\"@graph\":[{\"@type\":\"WebSite\",\"@id\":\"https:\/\/delaporte-teinturerie.fr\/#website\",\"url\":\"https:\/\/delaporte-teinturerie.fr\/\",\"name\":\"WordPress\",\"description\":\"Un site utilisant WordPress\",\"potentialAction\":[{\"@type\":\"SearchAction\",\"target\":\"https:\/\/delaporte-teinturerie.fr\/?s={search_term_string}\",\"query-input\":\"required name=search_term_string\"}],\"inLanguage\":\"fr-FR\"},{\"@type\":\"ImageObject\",\"@id\":\"https:\/\/delaporte-teinturerie.fr\/index.php\/certifications\/#primaryimage\",\"inLanguage\":\"fr-FR\",\"url\":\"http:\/\/delaporte-teinturerie.fr\/wp-content\/uploads\/2020\/12\/ECO.png\"},{\"@type\":\"WebPage\",\"@id\":\"https:\/\/delaporte-teinturerie.fr\/index.php\/certifications\/#webpage\",\"url\":\"https:\/\/delaporte-teinturerie.fr\/index.php\/certifications\/\",\"name\":\"Des \\u00e9quipements sophistiqu\\u00e9s dans le plus grand respect des normes en vigueur\",\"isPartOf\":{\"@id\":\"https:\/\/delaporte-teinturerie.fr\/#website\"},\"primaryImageOfPage\":{\"@id\":\"https:\/\/delaporte-teinturerie.fr\/index.php\/certifications\/#primaryimage\"},\"datePublished\":\"2020-11-25T16:05:33+00:00\",\"dateModified\":\"2020-12-15T14:28:44+00:00\",\"description\":\"Des proc\\u00e9d\\u00e9s de nettoyage \\u00e9co responsable avec des lessives certifi\\u00e9es bio-d\\u00e9gradables, des certifications et autorisations de nos installations class\\u00e9es pour la protection de l'environnement\",\"inLanguage\":\"fr-FR\",\"potentialAction\":[{\"@type\":\"ReadAction\",\"target\":[\"https:\/\/delaporte-teinturerie.fr\/index.php\/certifications\/\"]}]}]}<\/script>\n<!-- \/ Yoast SEO plugin. -->","_links":{"self":[{"href":"https:\/\/delaporte-teinturerie.fr\/index.php\/wp-json\/wp\/v2\/pages\/538"}],"collection":[{"href":"https:\/\/delaporte-teinturerie.fr\/index.php\/wp-json\/wp\/v2\/pages"}],"about":[{"href":"https:\/\/delaporte-teinturerie.fr\/index.php\/wp-json\/wp\/v2\/types\/page"}],"author":[{"embeddable":true,"href":"https:\/\/delaporte-teinturerie.fr\/index.php\/wp-json\/wp\/v2\/users\/1"}],"replies":[{"embeddable":true,"href":"https:\/\/delaporte-teinturerie.fr\/index.php\/wp-json\/wp\/v2\/comments?post=538"}],"version-history":[{"count":45,"href":"https:\/\/delaporte-teinturerie.fr\/index.php\/wp-json\/wp\/v2\/pages\/538\/revisions"}],"predecessor-version":[{"id":692,"href":"https:\/\/delaporte-teinturerie.fr\/index.php\/wp-json\/wp\/v2\/pages\/538\/revisions\/692"}],"wp:attachment":[{"href":"https:\/\/delaporte-teinturerie.fr\/index.php\/wp-json\/wp\/v2\/media?parent=538"}],"curies":[{"name":"wp","href":"https:\/\/api.w.org\/{rel}","templated":true}]}}