{"id":174,"date":"2020-09-29T18:10:32","date_gmt":"2020-09-29T16:10:32","guid":{"rendered":"http:\/\/delaporte-teinturerie.fr\/?page_id=174"},"modified":"2020-11-30T15:23:58","modified_gmt":"2020-11-30T14:23:58","slug":"accueil","status":"publish","type":"page","link":"https:\/\/delaporte-teinturerie.fr\/","title":{"rendered":"Accueil"},"content":{"rendered":"\t\t<div data-elementor-type=\"wp-page\" data-elementor-id=\"174\" class=\"elementor elementor-174\" data-elementor-settings=\"[]\">\n\t\t\t\t\t\t<div class=\"elementor-inner\">\n\t\t\t\t\t\t\t<div class=\"elementor-section-wrap\">\n\t\t\t\t\t\t\t<section class=\"elementor-section elementor-top-section elementor-element elementor-element-a62b9b9 elementor-section-boxed elementor-section-height-default elementor-section-height-default\" data-id=\"a62b9b9\" data-element_type=\"section\" data-settings=\"{&quot;background_background&quot;:&quot;classic&quot;}\">\n\t\t\t\t\t\t<div class=\"elementor-container elementor-column-gap-default\">\n\t\t\t\t\t\t\t<div class=\"elementor-row\">\n\t\t\t\t\t<div class=\"elementor-column elementor-col-100 elementor-top-column elementor-element elementor-element-e3dbcf9\" data-id=\"e3dbcf9\" data-element_type=\"column\">\n\t\t\t<div class=\"elementor-column-wrap elementor-element-populated\">\n\t\t\t\t\t\t\t<div class=\"elementor-widget-wrap\">\n\t\t\t\t\t\t<div class=\"elementor-element elementor-element-a3ff226 elementor-nav-menu__align-center elementor-nav-menu--indicator-classic elementor-nav-menu--dropdown-tablet elementor-nav-menu__text-align-aside elementor-nav-menu--toggle elementor-nav-menu--burger elementor-widget elementor-widget-nav-menu\" data-id=\"a3ff226\" data-element_type=\"widget\" id=\"nosprestations\" data-settings=\"{&quot;layout&quot;:&quot;horizontal&quot;,&quot;toggle&quot;:&quot;burger&quot;}\" data-widget_type=\"nav-menu.default\">\n\t\t\t\t<div class=\"elementor-widget-container\">\n\t\t\t\t\t\t<nav role=\"navigation\" class=\"elementor-nav-menu--main elementor-nav-menu__container elementor-nav-menu--layout-horizontal e--pointer-underline e--animation-fade\"><ul id=\"menu-1-a3ff226\" class=\"elementor-nav-menu\"><li class=\"menu-item menu-item-type-post_type menu-item-object-page menu-item-home menu-item-240\"><a href=\"https:\/\/delaporte-teinturerie.fr\/\" class=\"elementor-item\">Accueil<\/a><\/li>\n<li class=\"menu-item menu-item-type-post_type menu-item-object-page menu-item-524\"><a href=\"https:\/\/delaporte-teinturerie.fr\/index.php\/nos-prestations\/\" class=\"elementor-item\">Nos prestations<\/a><\/li>\n<li class=\"menu-item menu-item-type-post_type menu-item-object-page menu-item-533\"><a href=\"https:\/\/delaporte-teinturerie.fr\/index.php\/nos-savoir-faire\/\" class=\"elementor-item\">Nos savoir-faire<\/a><\/li>\n<li class=\"menu-item menu-item-type-post_type menu-item-object-page menu-item-547\"><a href=\"https:\/\/delaporte-teinturerie.fr\/index.php\/certifications\/\" class=\"elementor-item\">Certifications<\/a><\/li>\n<li class=\"menu-item menu-item-type-post_type menu-item-object-page menu-item-559\"><a href=\"https:\/\/delaporte-teinturerie.fr\/index.php\/ils-nous-font-confiance\/\" class=\"elementor-item\">Ils nous font confiance<\/a><\/li>\n<li class=\"menu-item menu-item-type-post_type menu-item-object-page menu-item-565\"><a href=\"https:\/\/delaporte-teinturerie.fr\/index.php\/contact\/\" class=\"elementor-item\">Contact<\/a><\/li>\n<\/ul><\/nav>\n\t\t\t\t\t<div class=\"elementor-menu-toggle\" role=\"button\" tabindex=\"0\" aria-label=\"Menu Toggle\" aria-expanded=\"false\">\n\t\t\t<i class=\"eicon-menu-bar\" aria-hidden=\"true\"><\/i>\n\t\t\t<span class=\"elementor-screen-only\">Menu<\/span>\n\t\t<\/div>\n\t\t\t<nav class=\"elementor-nav-menu--dropdown elementor-nav-menu__container\" role=\"navigation\" aria-hidden=\"true\"><ul id=\"menu-2-a3ff226\" class=\"elementor-nav-menu\"><li class=\"menu-item menu-item-type-post_type menu-item-object-page menu-item-home menu-item-240\"><a href=\"https:\/\/delaporte-teinturerie.fr\/\" class=\"elementor-item\">Accueil<\/a><\/li>\n<li class=\"menu-item menu-item-type-post_type menu-item-object-page menu-item-524\"><a href=\"https:\/\/delaporte-teinturerie.fr\/index.php\/nos-prestations\/\" class=\"elementor-item\">Nos prestations<\/a><\/li>\n<li class=\"menu-item menu-item-type-post_type menu-item-object-page menu-item-533\"><a href=\"https:\/\/delaporte-teinturerie.fr\/index.php\/nos-savoir-faire\/\" class=\"elementor-item\">Nos savoir-faire<\/a><\/li>\n<li class=\"menu-item menu-item-type-post_type menu-item-object-page menu-item-547\"><a href=\"https:\/\/delaporte-teinturerie.fr\/index.php\/certifications\/\" class=\"elementor-item\">Certifications<\/a><\/li>\n<li class=\"menu-item menu-item-type-post_type menu-item-object-page menu-item-559\"><a href=\"https:\/\/delaporte-teinturerie.fr\/index.php\/ils-nous-font-confiance\/\" class=\"elementor-item\">Ils nous font confiance<\/a><\/li>\n<li class=\"menu-item menu-item-type-post_type menu-item-object-page menu-item-565\"><a href=\"https:\/\/delaporte-teinturerie.fr\/index.php\/contact\/\" class=\"elementor-item\">Contact<\/a><\/li>\n<\/ul><\/nav>\n\t\t\t\t<\/div>\n\t\t\t\t<\/div>\n\t\t\t\t\t\t<\/div>\n\t\t\t\t\t<\/div>\n\t\t<\/div>\n\t\t\t\t\t\t\t\t<\/div>\n\t\t\t\t\t<\/div>\n\t\t<\/section>\n\t\t\t\t<section class=\"elementor-section elementor-top-section elementor-element elementor-element-886f1a6 elementor-section-height-min-height elementor-section-boxed elementor-section-height-default elementor-section-items-middle\" data-id=\"886f1a6\" data-element_type=\"section\" data-settings=\"{&quot;background_background&quot;:&quot;slideshow&quot;,&quot;background_slideshow_gallery&quot;:[{&quot;id&quot;:399,&quot;url&quot;:&quot;http:\\\/\\\/delaporte-teinturerie.fr\\\/wp-content\\\/uploads\\\/2020\\\/10\\\/JC2-1.jpg&quot;},{&quot;id&quot;:456,&quot;url&quot;:&quot;http:\\\/\\\/delaporte-teinturerie.fr\\\/wp-content\\\/uploads\\\/2020\\\/10\\\/20201008_170505-scaled.jpg&quot;},{&quot;id&quot;:459,&quot;url&quot;:&quot;http:\\\/\\\/delaporte-teinturerie.fr\\\/wp-content\\\/uploads\\\/2020\\\/10\\\/SR-Finale-global-scaled.jpg&quot;},{&quot;id&quot;:345,&quot;url&quot;:&quot;http:\\\/\\\/delaporte-teinturerie.fr\\\/wp-content\\\/uploads\\\/2020\\\/10\\\/equipe.jpg&quot;},{&quot;id&quot;:461,&quot;url&quot;:&quot;http:\\\/\\\/delaporte-teinturerie.fr\\\/wp-content\\\/uploads\\\/2020\\\/10\\\/IMG_5844-scaled.jpeg&quot;},{&quot;id&quot;:400,&quot;url&quot;:&quot;http:\\\/\\\/delaporte-teinturerie.fr\\\/wp-content\\\/uploads\\\/2020\\\/10\\\/repassage-mariee-5-1-scaled.jpg&quot;},{&quot;id&quot;:462,&quot;url&quot;:&quot;http:\\\/\\\/delaporte-teinturerie.fr\\\/wp-content\\\/uploads\\\/2020\\\/10\\\/charisse-kenion-69epvVgm0Ws-unsplash-scaled.jpg&quot;},{&quot;id&quot;:24,&quot;url&quot;:&quot;http:\\\/\\\/delaporte-teinturerie.fr\\\/wp-content\\\/uploads\\\/2020\\\/09\\\/IMG_6911-e1601302064862.jpg&quot;},{&quot;id&quot;:344,&quot;url&quot;:&quot;http:\\\/\\\/delaporte-teinturerie.fr\\\/wp-content\\\/uploads\\\/2020\\\/10\\\/chaussures-mariee-1-scaled.jpg&quot;}],&quot;background_slideshow_slide_duration&quot;:2000,&quot;background_slideshow_loop&quot;:&quot;yes&quot;,&quot;background_slideshow_slide_transition&quot;:&quot;fade&quot;,&quot;background_slideshow_transition_duration&quot;:500}\">\n\t\t\t\t\t\t\t<div class=\"elementor-background-overlay\"><\/div>\n\t\t\t\t\t\t\t<div class=\"elementor-container elementor-column-gap-default\">\n\t\t\t\t\t\t\t<div class=\"elementor-row\">\n\t\t\t\t\t<div class=\"elementor-column elementor-col-100 elementor-top-column elementor-element elementor-element-fe74ced\" data-id=\"fe74ced\" data-element_type=\"column\">\n\t\t\t<div class=\"elementor-column-wrap elementor-element-populated\">\n\t\t\t\t\t\t\t<div class=\"elementor-widget-wrap\">\n\t\t\t\t\t\t<div class=\"elementor-element elementor-element-a7d6942 elementor-widget elementor-widget-image\" data-id=\"a7d6942\" data-element_type=\"widget\" data-widget_type=\"image.default\">\n\t\t\t\t<div class=\"elementor-widget-container\">\n\t\t\t\t\t<div class=\"elementor-image\">\n\t\t\t\t\t\t\t\t\t\t<img width=\"721\" height=\"316\" src=\"https:\/\/delaporte-teinturerie.fr\/wp-content\/uploads\/2020\/09\/logo-Delaporte.png\" class=\"attachment-large size-large\" alt=\"\" loading=\"lazy\" srcset=\"https:\/\/delaporte-teinturerie.fr\/wp-content\/uploads\/2020\/09\/logo-Delaporte.png 721w, https:\/\/delaporte-teinturerie.fr\/wp-content\/uploads\/2020\/09\/logo-Delaporte-300x131.png 300w\" sizes=\"(max-width: 721px) 100vw, 721px\" \/>\t\t\t\t\t\t\t\t\t\t\t<\/div>\n\t\t\t\t<\/div>\n\t\t\t\t<\/div>\n\t\t\t\t\t\t<\/div>\n\t\t\t\t\t<\/div>\n\t\t<\/div>\n\t\t\t\t\t\t\t\t<\/div>\n\t\t\t\t\t<\/div>\n\t\t<\/section>\n\t\t\t\t<section class=\"elementor-section elementor-top-section elementor-element elementor-element-2db41a6 elementor-section-boxed elementor-section-height-default elementor-section-height-default\" data-id=\"2db41a6\" data-element_type=\"section\">\n\t\t\t\t\t\t<div class=\"elementor-container elementor-column-gap-default\">\n\t\t\t\t\t\t\t<div class=\"elementor-row\">\n\t\t\t\t\t<div class=\"elementor-column elementor-col-100 elementor-top-column elementor-element elementor-element-60ed71f\" data-id=\"60ed71f\" data-element_type=\"column\">\n\t\t\t<div class=\"elementor-column-wrap elementor-element-populated\">\n\t\t\t\t\t\t\t<div class=\"elementor-widget-wrap\">\n\t\t\t\t\t\t<div class=\"elementor-element elementor-element-ee50c75 elementor-widget elementor-widget-heading\" data-id=\"ee50c75\" data-element_type=\"widget\" data-widget_type=\"heading.default\">\n\t\t\t\t<div class=\"elementor-widget-container\">\n\t\t\t<h2 class=\"elementor-heading-title elementor-size-default\"><span style=\"caret-color: rgb(89, 89, 89); color: rgb(89, 89, 89); font-family: &quot;Abhaya Libre&quot;, sans-serif; font-size: 17px; font-weight: normal; text-align: center; white-space: normal;\">La teinturerie de luxe Delaporte&nbsp;<\/span><span class=\"color_35\" style=\"caret-color: rgb(89, 89, 89); color: rgb(89, 89, 89); font-family: &quot;Abhaya Libre&quot;, sans-serif; font-size: 17px; font-weight: normal; text-align: center; white-space: normal;\">perp\u00e9tue depuis 1946 la tradition et les valeurs de l'artisanat du soin textile.<\/span><\/h2>\t\t<\/div>\n\t\t\t\t<\/div>\n\t\t\t\t<div class=\"elementor-element elementor-element-74e0f75 elementor-widget elementor-widget-text-editor\" data-id=\"74e0f75\" data-element_type=\"widget\" data-widget_type=\"text-editor.default\">\n\t\t\t\t<div class=\"elementor-widget-container\">\n\t\t\t\t\t<div class=\"elementor-text-editor elementor-clearfix\"><p class=\"font_7\"><span class=\"color_35\">Nous vous apportons un service d&rsquo;excellence sur-mesure pour un rendu parfait et la renaissance des pi\u00e8ces d&rsquo;exception que vous nous\u00a0confiez.\u00a0<\/span>V\u00e9ritable art du soin textile pour toutes les mati\u00e8res &#8211; coton, soie, satin, cuir, daim &#8211; nous lavons, repassons, teignons, recousons &#8230; pour le nettoyage, la conservation et la restauration de vos tenues et de votre int\u00e9rieur. Votre satisfaction fait la fiert\u00e9 de notre \u00e9quipe !\u00a0<\/p><\/div>\n\t\t\t\t<\/div>\n\t\t\t\t<\/div>\n\t\t\t\t\t\t<\/div>\n\t\t\t\t\t<\/div>\n\t\t<\/div>\n\t\t\t\t\t\t\t\t<\/div>\n\t\t\t\t\t<\/div>\n\t\t<\/section>\n\t\t\t\t\t\t<\/div>\n\t\t\t\t\t\t<\/div>\n\t\t\t\t\t<\/div>\n\t\t","protected":false},"excerpt":{"rendered":"<p>La teinturerie de luxe Delaporte&nbsp;perp\u00e9tue depuis 1946 la tradition et les valeurs de l&rsquo;artisanat du soin textile. Nous vous apportons un service d&rsquo;excellence sur-mesure pour un rendu parfait et la renaissance des pi\u00e8ces d&rsquo;exception que vous nous&nbsp;confiez.&nbsp;V\u00e9ritable art du soin textile pour toutes les mati\u00e8res &#8211; coton, soie, satin, cuir, daim &#8211; nous lavons, repassons, &#8230; <a title=\"Accueil\" class=\"read-more\" href=\"https:\/\/delaporte-teinturerie.fr\/\">Lire la suite <span class=\"screen-reader-text\">Accueil<\/span><\/a><\/p>\n","protected":false},"author":1,"featured_media":0,"parent":0,"menu_order":0,"comment_status":"closed","ping_status":"closed","template":"elementor_canvas","meta":[],"yoast_head":"<!-- This site is optimized with the Yoast SEO plugin v15.3 - https:\/\/yoast.com\/wordpress\/plugins\/seo\/ -->\n<title>Maison Delaporte - Teinturerie de luxe<\/title>\n<meta name=\"description\" content=\"La Maison Delaporte - Teinturerie de luxe perp\u00e9tue depuis 1946 la tradition et les valeurs de l&#039;artisanat du soin textile. Nous vous apportons un service d\u2019excellence sur-mesure pour un rendu parfait et la renaissance des pi\u00e8ces d\u2019exception que vous nous confiez. V\u00e9ritable art du soin textile pour toutes les mati\u00e8res \u2013 coton, soie, satin, cuir, daim \u2013 nous lavons, repassons, teignons, recousons \u2026 pour le nettoyage, la conservation et la restauration de vos tenues et de votre int\u00e9rieur. Votre satisfaction fait la fiert\u00e9 de notre \u00e9quipe ! Pressing qui fournit un service soign\u00e9, haut de gamme.\" \/>\n<meta name=\"robots\" content=\"index, follow, max-snippet:-1, max-image-preview:large, max-video-preview:-1\" \/>\n<link rel=\"canonical\" href=\"https:\/\/delaporte-teinturerie.fr\/\" \/>\n<meta property=\"og:locale\" content=\"fr_FR\" \/>\n<meta property=\"og:type\" content=\"article\" \/>\n<meta property=\"og:title\" content=\"Maison Delaporte - Teinturerie de luxe\" \/>\n<meta property=\"og:description\" content=\"La Maison Delaporte - Teinturerie de luxe perp\u00e9tue depuis 1946 la tradition et les valeurs de l&#039;artisanat du soin textile. Nous vous apportons un service d\u2019excellence sur-mesure pour un rendu parfait et la renaissance des pi\u00e8ces d\u2019exception que vous nous confiez. V\u00e9ritable art du soin textile pour toutes les mati\u00e8res \u2013 coton, soie, satin, cuir, daim \u2013 nous lavons, repassons, teignons, recousons \u2026 pour le nettoyage, la conservation et la restauration de vos tenues et de votre int\u00e9rieur. Votre satisfaction fait la fiert\u00e9 de notre \u00e9quipe ! Pressing qui fournit un service soign\u00e9, haut de gamme.\" \/>\n<meta property=\"og:url\" content=\"https:\/\/delaporte-teinturerie.fr\/\" \/>\n<meta property=\"og:site_name\" content=\"WordPress\" \/>\n<meta property=\"article:modified_time\" content=\"2020-11-30T14:23:58+00:00\" \/>\n<meta property=\"og:image\" content=\"http:\/\/delaporte-teinturerie.fr\/wp-content\/uploads\/2020\/09\/logo-Delaporte.png\" \/>\n<meta name=\"twitter:card\" content=\"summary_large_image\" \/>\n<meta name=\"twitter:label1\" content=\"\u00c9crit par\">\n\t<meta name=\"twitter:data1\" content=\"tednacip\">\n\t<meta name=\"twitter:label2\" content=\"Dur\u00e9e de lecture est.\">\n\t<meta name=\"twitter:data2\" content=\"0 minute\">\n<script type=\"application\/ld+json\" class=\"yoast-schema-graph\">{\"@context\":\"https:\/\/schema.org\",\"@graph\":[{\"@type\":\"WebSite\",\"@id\":\"https:\/\/delaporte-teinturerie.fr\/#website\",\"url\":\"https:\/\/delaporte-teinturerie.fr\/\",\"name\":\"WordPress\",\"description\":\"Un site utilisant WordPress\",\"potentialAction\":[{\"@type\":\"SearchAction\",\"target\":\"https:\/\/delaporte-teinturerie.fr\/?s={search_term_string}\",\"query-input\":\"required name=search_term_string\"}],\"inLanguage\":\"fr-FR\"},{\"@type\":\"ImageObject\",\"@id\":\"https:\/\/delaporte-teinturerie.fr\/#primaryimage\",\"inLanguage\":\"fr-FR\",\"url\":\"http:\/\/delaporte-teinturerie.fr\/wp-content\/uploads\/2020\/09\/logo-Delaporte.png\"},{\"@type\":\"WebPage\",\"@id\":\"https:\/\/delaporte-teinturerie.fr\/#webpage\",\"url\":\"https:\/\/delaporte-teinturerie.fr\/\",\"name\":\"Maison Delaporte - Teinturerie de luxe\",\"isPartOf\":{\"@id\":\"https:\/\/delaporte-teinturerie.fr\/#website\"},\"primaryImageOfPage\":{\"@id\":\"https:\/\/delaporte-teinturerie.fr\/#primaryimage\"},\"datePublished\":\"2020-09-29T16:10:32+00:00\",\"dateModified\":\"2020-11-30T14:23:58+00:00\",\"description\":\"La Maison Delaporte - Teinturerie de luxe perp\\u00e9tue depuis 1946 la tradition et les valeurs de l'artisanat du soin textile. Nous vous apportons un service d\\u2019excellence sur-mesure pour un rendu parfait et la renaissance des pi\\u00e8ces d\\u2019exception que vous nous confiez. V\\u00e9ritable art du soin textile pour toutes les mati\\u00e8res \\u2013 coton, soie, satin, cuir, daim \\u2013 nous lavons, repassons, teignons, recousons \\u2026 pour le nettoyage, la conservation et la restauration de vos tenues et de votre int\\u00e9rieur. Votre satisfaction fait la fiert\\u00e9 de notre \\u00e9quipe ! Pressing qui fournit un service soign\\u00e9, haut de gamme.\",\"inLanguage\":\"fr-FR\",\"potentialAction\":[{\"@type\":\"ReadAction\",\"target\":[\"https:\/\/delaporte-teinturerie.fr\/\"]}]}]}<\/script>\n<!-- \/ Yoast SEO plugin. -->","_links":{"self":[{"href":"https:\/\/delaporte-teinturerie.fr\/index.php\/wp-json\/wp\/v2\/pages\/174"}],"collection":[{"href":"https:\/\/delaporte-teinturerie.fr\/index.php\/wp-json\/wp\/v2\/pages"}],"about":[{"href":"https:\/\/delaporte-teinturerie.fr\/index.php\/wp-json\/wp\/v2\/types\/page"}],"author":[{"embeddable":true,"href":"https:\/\/delaporte-teinturerie.fr\/index.php\/wp-json\/wp\/v2\/users\/1"}],"replies":[{"embeddable":true,"href":"https:\/\/delaporte-teinturerie.fr\/index.php\/wp-json\/wp\/v2\/comments?post=174"}],"version-history":[{"count":160,"href":"https:\/\/delaporte-teinturerie.fr\/index.php\/wp-json\/wp\/v2\/pages\/174\/revisions"}],"predecessor-version":[{"id":670,"href":"https:\/\/delaporte-teinturerie.fr\/index.php\/wp-json\/wp\/v2\/pages\/174\/revisions\/670"}],"wp:attachment":[{"href":"https:\/\/delaporte-teinturerie.fr\/index.php\/wp-json\/wp\/v2\/media?parent=174"}],"curies":[{"name":"wp","href":"https:\/\/api.w.org\/{rel}","templated":true}]}}